{"id":216,"date":"2017-10-23T10:02:25","date_gmt":"2017-10-23T10:02:25","guid":{"rendered":"http:\/\/www.beranca.com\/?page_id=216"},"modified":"2017-11-08T16:12:54","modified_gmt":"2017-11-08T16:12:54","slug":"oel","status":"publish","type":"page","link":"https:\/\/www.beranca.com\/de\/oel\/","title":{"rendered":"\u00d6l"},"content":{"rendered":"<div class=\"fonsloli\"><div class=\"container\">\r\n\r\n<div class=\"col-lg-5\"><img decoding=\"async\" src=\"http:\/\/www.beranca.com\/wp-content\/uploads\/2017\/05\/Mesa-de-trabajo-2@4x.png\" alt=\"\" width=\"100%\" class=\"alignnone size-large wp-image-133\" \/><\/div>\r\n\r\n<div class=\"col-lg-7\"><h1>Das \u00d6l<\/h1>\r\n\r\nDas \u00d6l Beran\u00e7a wird aus der kleinfruchtigen Olivensorte Arbequina gepresst, aus Oliven, die in einer nat\u00fcrlichen Umgebung reifen d\u00fcrfen. Diese Olivensorte gedeiht auf kargem, steinigem Boden in einem einzigartigen \u00f6kologischen Umfeld und einer durch V\u00f6gel, Insekten und Wildpflanzen gepr\u00e4gten Biodiversit\u00e4t. Das \u00d6l schmeckt fruchtig, frisch und beinhaltet Aromen von gr\u00fcnen Oliven, frisch geschnittenem Gras, Artischocken und gr\u00fcnem Apfel&#8230;<br><br><div class=\"text-center\">\r\n<img decoding=\"async\" src=\"http:\/\/www.beranca.com\/wp-content\/uploads\/2017\/07\/linia.png\" width=\"80%\" \/><br><br><\/div>\r\n<\/div>\r\n<div class=\"clearfix\"><\/div>\r\n<div class=\"col-lg-7\" style=\"padding-bottom:60px;\">\r\n<h3 style=\"color:#b4b905;\"><strong>Zertifikat CCPAE und EU-Bio-Siegel<\/strong><\/h3>\r\n\r\nHeute reicht es nicht mehr, dass ein Nahrungsmittel mehr oder weniger rein ist von k\u00fcnstlichen, sch\u00e4dlichen bis toxischen Zusatzstoffen. Die Qualit\u00e4tskontrollen sind sehr streng \u2013 deren Resultat kann man auf der Etikette unserer \u00d6lflaschen lesen.<br><br>\r\n\r\nUnser \u00d6l hat sowohl das Zertifikat CCPAE (Consejo catal\u00e1n de producci\u00f3n agraria ecol\u00f3gica) und das EU-Bio-Siegel erhalten, beides Auszeichnungen f\u00fcr ein hochwertiges biologisches Produkt.<br><br>\r\n\r\nBei der Herstellung vom Oel Beran\u00e7a respektieren wir die durch die Lage gegebene Fruchtbarkeit des Bodens, allf\u00e4llige Sch\u00e4dlingsbek\u00e4mpfung erfolgt rein biologisch. \r\n<br><br>\r\n<\/div>\r\n<div class=\"col-lg-5 text-center\"><h3>&nbsp;<\/h3><img decoding=\"async\" src=\"http:\/\/www.beranca.com\/wp-content\/uploads\/2017\/05\/eco.png\" alt=\"\" width=\"30%\" class=\"alignnone size-full wp-image-42\" srcset=\"https:\/\/www.beranca.com\/wp-content\/uploads\/2017\/05\/eco.png 200w, https:\/\/www.beranca.com\/wp-content\/uploads\/2017\/05\/eco-150x150.png 150w\" sizes=\"(max-width: 200px) 100vw, 200px\" \/><img decoding=\"async\" src=\"http:\/\/www.beranca.com\/wp-content\/uploads\/2017\/05\/ccpae.png\" alt=\"\" width=\"30%\" class=\"alignnone size-full wp-image-32\" srcset=\"https:\/\/www.beranca.com\/wp-content\/uploads\/2017\/05\/ccpae.png 200w, https:\/\/www.beranca.com\/wp-content\/uploads\/2017\/05\/ccpae-150x150.png 150w\" sizes=\"(max-width: 200px) 100vw, 200px\" \/><div class=\"clearfix\"><\/div><img decoding=\"async\" src=\"http:\/\/www.beranca.com\/wp-content\/uploads\/2017\/07\/Mesa-de-trabajo-1@4x.png\" alt=\"\" width=\"100%\" class=\"alignnone size-large wp-image-136\" \/><\/div>\r\n<\/div><\/div>\r\n\r\n","protected":false},"excerpt":{"rendered":"Das \u00d6l Das \u00d6l Beran\u00e7a wird aus der kleinfruchtigen Olivensorte Arbequina gepresst, aus Oliven, die in einer nat\u00fcrlichen Umgebung reifen d\u00fcrfen. Diese Olivensorte gedeiht auf kargem, steinigem Boden in einem einzigartigen \u00f6kologischen Umfeld und einer durch V\u00f6gel, Insekten und Wildpflanzen gepr\u00e4gten Biodiversit\u00e4t. Das \u00d6l schmeckt fruchtig, frisch und beinhaltet Aromen von gr\u00fcnen Oliven, frisch geschnittenem [&hellip;]","protected":false},"author":1,"featured_media":0,"parent":0,"menu_order":0,"comment_status":"closed","ping_status":"closed","template":"page-custom1.php","meta":{"footnotes":""},"class_list":["post-216","page","type-page","status-publish","hentry"],"yoast_head":"<!-- This site is optimized with the Yoast SEO plugin v27.1.1 - https:\/\/yoast.com\/product\/yoast-seo-wordpress\/ -->\n<title>\u00d6l - Olis Beran\u00e7a<\/title>\n<meta name=\"robots\" content=\"index, follow, max-snippet:-1, max-image-preview:large, max-video-preview:-1\" \/>\n<link rel=\"canonical\" href=\"https:\/\/www.beranca.com\/de\/oel\/\" \/>\n<meta property=\"og:locale\" content=\"de_DE\" \/>\n<meta property=\"og:type\" content=\"article\" \/>\n<meta property=\"og:title\" content=\"\u00d6l - Olis Beran\u00e7a\" \/>\n<meta property=\"og:description\" content=\"Das \u00d6l Das \u00d6l Beran\u00e7a wird aus der kleinfruchtigen Olivensorte Arbequina gepresst, aus Oliven, die in einer nat\u00fcrlichen Umgebung reifen d\u00fcrfen. Diese Olivensorte gedeiht auf kargem, steinigem Boden in einem einzigartigen \u00f6kologischen Umfeld und einer durch V\u00f6gel, Insekten und Wildpflanzen gepr\u00e4gten Biodiversit\u00e4t. Das \u00d6l schmeckt fruchtig, frisch und beinhaltet Aromen von gr\u00fcnen Oliven, frisch geschnittenem [&hellip;]\" \/>\n<meta property=\"og:url\" content=\"https:\/\/www.beranca.com\/de\/oel\/\" \/>\n<meta property=\"og:site_name\" content=\"Olis Beran\u00e7a\" \/>\n<meta property=\"article:modified_time\" content=\"2017-11-08T16:12:54+00:00\" \/>\n<meta property=\"og:image\" content=\"http:\/\/www.beranca.com\/wp-content\/uploads\/2017\/05\/Mesa-de-trabajo-2@4x.png\" \/>\n<meta name=\"twitter:card\" content=\"summary_large_image\" \/>\n<meta name=\"twitter:label1\" content=\"Gesch\u00e4tzte Lesezeit\" \/>\n\t<meta name=\"twitter:data1\" content=\"1\u00a0Minute\" \/>\n<script type=\"application\/ld+json\" class=\"yoast-schema-graph\">{\"@context\":\"https:\/\/schema.org\",\"@graph\":[{\"@type\":\"WebPage\",\"@id\":\"https:\/\/www.beranca.com\/de\/oel\/\",\"url\":\"https:\/\/www.beranca.com\/de\/oel\/\",\"name\":\"\u00d6l - Olis Beran\u00e7a\",\"isPartOf\":{\"@id\":\"https:\/\/www.beranca.com\/#website\"},\"primaryImageOfPage\":{\"@id\":\"https:\/\/www.beranca.com\/de\/oel\/#primaryimage\"},\"image\":{\"@id\":\"https:\/\/www.beranca.com\/de\/oel\/#primaryimage\"},\"thumbnailUrl\":\"http:\/\/www.beranca.com\/wp-content\/uploads\/2017\/05\/Mesa-de-trabajo-2@4x.png\",\"datePublished\":\"2017-10-23T10:02:25+00:00\",\"dateModified\":\"2017-11-08T16:12:54+00:00\",\"breadcrumb\":{\"@id\":\"https:\/\/www.beranca.com\/de\/oel\/#breadcrumb\"},\"inLanguage\":\"de\",\"potentialAction\":[{\"@type\":\"ReadAction\",\"target\":[\"https:\/\/www.beranca.com\/de\/oel\/\"]}]},{\"@type\":\"ImageObject\",\"inLanguage\":\"de\",\"@id\":\"https:\/\/www.beranca.com\/de\/oel\/#primaryimage\",\"url\":\"http:\/\/www.beranca.com\/wp-content\/uploads\/2017\/05\/Mesa-de-trabajo-2@4x.png\",\"contentUrl\":\"http:\/\/www.beranca.com\/wp-content\/uploads\/2017\/05\/Mesa-de-trabajo-2@4x.png\"},{\"@type\":\"BreadcrumbList\",\"@id\":\"https:\/\/www.beranca.com\/de\/oel\/#breadcrumb\",\"itemListElement\":[{\"@type\":\"ListItem\",\"position\":1,\"name\":\"Inici\",\"item\":\"https:\/\/www.beranca.com\/de\/\"},{\"@type\":\"ListItem\",\"position\":2,\"name\":\"\u00d6l\"}]},{\"@type\":\"WebSite\",\"@id\":\"https:\/\/www.beranca.com\/#website\",\"url\":\"https:\/\/www.beranca.com\/\",\"name\":\"Olis Beran\u00e7a\",\"description\":\"Olis Ecol\u00f2gics\",\"potentialAction\":[{\"@type\":\"SearchAction\",\"target\":{\"@type\":\"EntryPoint\",\"urlTemplate\":\"https:\/\/www.beranca.com\/?s={search_term_string}\"},\"query-input\":{\"@type\":\"PropertyValueSpecification\",\"valueRequired\":true,\"valueName\":\"search_term_string\"}}],\"inLanguage\":\"de\"}]}<\/script>\n<!-- \/ Yoast SEO plugin. -->","yoast_head_json":{"title":"\u00d6l - Olis Beran\u00e7a","robots":{"index":"index","follow":"follow","max-snippet":"max-snippet:-1","max-image-preview":"max-image-preview:large","max-video-preview":"max-video-preview:-1"},"canonical":"https:\/\/www.beranca.com\/de\/oel\/","og_locale":"de_DE","og_type":"article","og_title":"\u00d6l - Olis Beran\u00e7a","og_description":"Das \u00d6l Das \u00d6l Beran\u00e7a wird aus der kleinfruchtigen Olivensorte Arbequina gepresst, aus Oliven, die in einer nat\u00fcrlichen Umgebung reifen d\u00fcrfen. Diese Olivensorte gedeiht auf kargem, steinigem Boden in einem einzigartigen \u00f6kologischen Umfeld und einer durch V\u00f6gel, Insekten und Wildpflanzen gepr\u00e4gten Biodiversit\u00e4t. Das \u00d6l schmeckt fruchtig, frisch und beinhaltet Aromen von gr\u00fcnen Oliven, frisch geschnittenem [&hellip;]","og_url":"https:\/\/www.beranca.com\/de\/oel\/","og_site_name":"Olis Beran\u00e7a","article_modified_time":"2017-11-08T16:12:54+00:00","og_image":[{"url":"http:\/\/www.beranca.com\/wp-content\/uploads\/2017\/05\/Mesa-de-trabajo-2@4x.png","type":"","width":"","height":""}],"twitter_card":"summary_large_image","twitter_misc":{"Gesch\u00e4tzte Lesezeit":"1\u00a0Minute"},"schema":{"@context":"https:\/\/schema.org","@graph":[{"@type":"WebPage","@id":"https:\/\/www.beranca.com\/de\/oel\/","url":"https:\/\/www.beranca.com\/de\/oel\/","name":"\u00d6l - Olis Beran\u00e7a","isPartOf":{"@id":"https:\/\/www.beranca.com\/#website"},"primaryImageOfPage":{"@id":"https:\/\/www.beranca.com\/de\/oel\/#primaryimage"},"image":{"@id":"https:\/\/www.beranca.com\/de\/oel\/#primaryimage"},"thumbnailUrl":"http:\/\/www.beranca.com\/wp-content\/uploads\/2017\/05\/Mesa-de-trabajo-2@4x.png","datePublished":"2017-10-23T10:02:25+00:00","dateModified":"2017-11-08T16:12:54+00:00","breadcrumb":{"@id":"https:\/\/www.beranca.com\/de\/oel\/#breadcrumb"},"inLanguage":"de","potentialAction":[{"@type":"ReadAction","target":["https:\/\/www.beranca.com\/de\/oel\/"]}]},{"@type":"ImageObject","inLanguage":"de","@id":"https:\/\/www.beranca.com\/de\/oel\/#primaryimage","url":"http:\/\/www.beranca.com\/wp-content\/uploads\/2017\/05\/Mesa-de-trabajo-2@4x.png","contentUrl":"http:\/\/www.beranca.com\/wp-content\/uploads\/2017\/05\/Mesa-de-trabajo-2@4x.png"},{"@type":"BreadcrumbList","@id":"https:\/\/www.beranca.com\/de\/oel\/#breadcrumb","itemListElement":[{"@type":"ListItem","position":1,"name":"Inici","item":"https:\/\/www.beranca.com\/de\/"},{"@type":"ListItem","position":2,"name":"\u00d6l"}]},{"@type":"WebSite","@id":"https:\/\/www.beranca.com\/#website","url":"https:\/\/www.beranca.com\/","name":"Olis Beran\u00e7a","description":"Olis Ecol\u00f2gics","potentialAction":[{"@type":"SearchAction","target":{"@type":"EntryPoint","urlTemplate":"https:\/\/www.beranca.com\/?s={search_term_string}"},"query-input":{"@type":"PropertyValueSpecification","valueRequired":true,"valueName":"search_term_string"}}],"inLanguage":"de"}]}},"_links":{"self":[{"href":"https:\/\/www.beranca.com\/de\/wp-json\/wp\/v2\/pages\/216","targetHints":{"allow":["GET"]}}],"collection":[{"href":"https:\/\/www.beranca.com\/de\/wp-json\/wp\/v2\/pages"}],"about":[{"href":"https:\/\/www.beranca.com\/de\/wp-json\/wp\/v2\/types\/page"}],"author":[{"embeddable":true,"href":"https:\/\/www.beranca.com\/de\/wp-json\/wp\/v2\/users\/1"}],"replies":[{"embeddable":true,"href":"https:\/\/www.beranca.com\/de\/wp-json\/wp\/v2\/comments?post=216"}],"version-history":[{"count":2,"href":"https:\/\/www.beranca.com\/de\/wp-json\/wp\/v2\/pages\/216\/revisions"}],"predecessor-version":[{"id":282,"href":"https:\/\/www.beranca.com\/de\/wp-json\/wp\/v2\/pages\/216\/revisions\/282"}],"wp:attachment":[{"href":"https:\/\/www.beranca.com\/de\/wp-json\/wp\/v2\/media?parent=216"}],"curies":[{"name":"wp","href":"https:\/\/api.w.org\/{rel}","templated":true}]}}