{"id":212,"date":"2017-10-23T09:55:56","date_gmt":"2017-10-23T09:55:56","guid":{"rendered":"http:\/\/www.beranca.com\/?page_id=212"},"modified":"2017-10-23T09:57:11","modified_gmt":"2017-10-23T09:57:11","slug":"filosofie","status":"publish","type":"page","link":"https:\/\/www.beranca.com\/de\/filosofie\/","title":{"rendered":"Filosofie"},"content":{"rendered":"<div class=\"fonsfilosofia\"><div class=\"container\" style=\"background-color:rgba(255,255,255,0.80); color:#474747;\"><div class=\"col-lg-12\"><h1>Filosofie<\/h1>\r\nUnser Betrieb wurde im Jahre 2009 gegr\u00fcndet. Es ist ein Familienunternehmen, das in der hiesigen Region verwurzelt ist. Wir bewirtschaften die Olivenb\u00e4ume unseres Landbesitzes in Bovera im Bezirk Les Garrigues (Provinz Lleida).<br><br>\r\n\r\nDas Hauptprodukt unseres Betriebes ist das zertifizierte Bio-Oliven\u00f6l extra vergine. Die nachhaltige Bewirtschaftung der Olivenb\u00e4ume zeigt positive Auswirkungen sowohl auf das Produkt wie auch auf die Umwelt. Aus diesem Grund haben wir uns f\u00fcr das F\u00fchren des Betriebes nach biologischen Richtlinien entschieden.<br><br>\r\n\r\nDas Hauptmerkmal des \u00d6ls Beran\u00e7a ist der Anspruch auf Nachhaltigkeit: Seit Anfang ist es uns ein Anliegen, die positiven Auswirkungen eines Biobetriebes auf die Umwelt zu zeigen, indem wir ein Avifauna-Monitoring mit standardisierten Methoden durchf\u00fchren (Vogelberingungsprojekt Constant effort site, Nistk\u00e4sten etc.) oder indem wir uns an der Realisierung eines Botanik-Lehrpfades beteiligen. Interessierte k\u00f6nnen auf unserem Blog genaue Resultate einsehen.\r\n<br><br><img decoding=\"async\" src=\"http:\/\/www.beranca.com\/wp-content\/uploads\/2017\/05\/mapaberanca3.png\" alt=\"\" width=\"100%\" class=\"alignnone size-full wp-image-91\" \/>\r\nWir f\u00fchlen uns unserer Umwelt verpflichtet und wollen beitragen zu unserer aller Gesundheit und Wohlbefinden und zur Entwicklung einer gesunden menschlichen Gemeinschaft. Wir setzen uns ein f\u00fcr die \u00f6rtlichen Produzenten und deren Produkte. <br><br>\r\n\r\nBiologische Ern\u00e4hrung ist der Schl\u00fcssel f\u00fcr eine dauerhafte und gute Entwicklung der Landwirtschaft, weil sie die Umwelt und die Gesundheit des Menschen sch\u00fctzt.\r\n\r\n<\/div><\/div><\/div>","protected":false},"excerpt":{"rendered":"Filosofie Unser Betrieb wurde im Jahre 2009 gegr\u00fcndet. Es ist ein Familienunternehmen, das in der hiesigen Region verwurzelt ist. Wir bewirtschaften die Olivenb\u00e4ume unseres Landbesitzes in Bovera im Bezirk Les Garrigues (Provinz Lleida). Das Hauptprodukt unseres Betriebes ist das zertifizierte Bio-Oliven\u00f6l extra vergine. Die nachhaltige Bewirtschaftung der Olivenb\u00e4ume zeigt positive Auswirkungen sowohl auf das Produkt [&hellip;]","protected":false},"author":1,"featured_media":0,"parent":0,"menu_order":0,"comment_status":"closed","ping_status":"closed","template":"page-custom1.php","meta":{"footnotes":""},"class_list":["post-212","page","type-page","status-publish","hentry"],"yoast_head":"<!-- This site is optimized with the Yoast SEO plugin v27.1.1 - https:\/\/yoast.com\/product\/yoast-seo-wordpress\/ -->\n<title>Filosofie - Olis Beran\u00e7a<\/title>\n<meta name=\"robots\" content=\"index, follow, max-snippet:-1, max-image-preview:large, max-video-preview:-1\" \/>\n<link rel=\"canonical\" href=\"https:\/\/www.beranca.com\/de\/filosofie\/\" \/>\n<meta property=\"og:locale\" content=\"de_DE\" \/>\n<meta property=\"og:type\" content=\"article\" \/>\n<meta property=\"og:title\" content=\"Filosofie - Olis Beran\u00e7a\" \/>\n<meta property=\"og:description\" content=\"Filosofie Unser Betrieb wurde im Jahre 2009 gegr\u00fcndet. Es ist ein Familienunternehmen, das in der hiesigen Region verwurzelt ist. Wir bewirtschaften die Olivenb\u00e4ume unseres Landbesitzes in Bovera im Bezirk Les Garrigues (Provinz Lleida). Das Hauptprodukt unseres Betriebes ist das zertifizierte Bio-Oliven\u00f6l extra vergine. Die nachhaltige Bewirtschaftung der Olivenb\u00e4ume zeigt positive Auswirkungen sowohl auf das Produkt [&hellip;]\" \/>\n<meta property=\"og:url\" content=\"https:\/\/www.beranca.com\/de\/filosofie\/\" \/>\n<meta property=\"og:site_name\" content=\"Olis Beran\u00e7a\" \/>\n<meta property=\"article:modified_time\" content=\"2017-10-23T09:57:11+00:00\" \/>\n<meta property=\"og:image\" content=\"http:\/\/www.beranca.com\/wp-content\/uploads\/2017\/05\/mapaberanca3.png\" \/>\n<meta name=\"twitter:card\" content=\"summary_large_image\" \/>\n<meta name=\"twitter:label1\" content=\"Gesch\u00e4tzte Lesezeit\" \/>\n\t<meta name=\"twitter:data1\" content=\"1\u00a0Minute\" \/>\n<script type=\"application\/ld+json\" class=\"yoast-schema-graph\">{\"@context\":\"https:\/\/schema.org\",\"@graph\":[{\"@type\":\"WebPage\",\"@id\":\"https:\/\/www.beranca.com\/de\/filosofie\/\",\"url\":\"https:\/\/www.beranca.com\/de\/filosofie\/\",\"name\":\"Filosofie - Olis Beran\u00e7a\",\"isPartOf\":{\"@id\":\"https:\/\/www.beranca.com\/#website\"},\"primaryImageOfPage\":{\"@id\":\"https:\/\/www.beranca.com\/de\/filosofie\/#primaryimage\"},\"image\":{\"@id\":\"https:\/\/www.beranca.com\/de\/filosofie\/#primaryimage\"},\"thumbnailUrl\":\"http:\/\/www.beranca.com\/wp-content\/uploads\/2017\/05\/mapaberanca3.png\",\"datePublished\":\"2017-10-23T09:55:56+00:00\",\"dateModified\":\"2017-10-23T09:57:11+00:00\",\"breadcrumb\":{\"@id\":\"https:\/\/www.beranca.com\/de\/filosofie\/#breadcrumb\"},\"inLanguage\":\"de\",\"potentialAction\":[{\"@type\":\"ReadAction\",\"target\":[\"https:\/\/www.beranca.com\/de\/filosofie\/\"]}]},{\"@type\":\"ImageObject\",\"inLanguage\":\"de\",\"@id\":\"https:\/\/www.beranca.com\/de\/filosofie\/#primaryimage\",\"url\":\"http:\/\/www.beranca.com\/wp-content\/uploads\/2017\/05\/mapaberanca3.png\",\"contentUrl\":\"http:\/\/www.beranca.com\/wp-content\/uploads\/2017\/05\/mapaberanca3.png\"},{\"@type\":\"BreadcrumbList\",\"@id\":\"https:\/\/www.beranca.com\/de\/filosofie\/#breadcrumb\",\"itemListElement\":[{\"@type\":\"ListItem\",\"position\":1,\"name\":\"Inici\",\"item\":\"https:\/\/www.beranca.com\/de\/\"},{\"@type\":\"ListItem\",\"position\":2,\"name\":\"Filosofie\"}]},{\"@type\":\"WebSite\",\"@id\":\"https:\/\/www.beranca.com\/#website\",\"url\":\"https:\/\/www.beranca.com\/\",\"name\":\"Olis Beran\u00e7a\",\"description\":\"Olis Ecol\u00f2gics\",\"potentialAction\":[{\"@type\":\"SearchAction\",\"target\":{\"@type\":\"EntryPoint\",\"urlTemplate\":\"https:\/\/www.beranca.com\/?s={search_term_string}\"},\"query-input\":{\"@type\":\"PropertyValueSpecification\",\"valueRequired\":true,\"valueName\":\"search_term_string\"}}],\"inLanguage\":\"de\"}]}<\/script>\n<!-- \/ Yoast SEO plugin. -->","yoast_head_json":{"title":"Filosofie - Olis Beran\u00e7a","robots":{"index":"index","follow":"follow","max-snippet":"max-snippet:-1","max-image-preview":"max-image-preview:large","max-video-preview":"max-video-preview:-1"},"canonical":"https:\/\/www.beranca.com\/de\/filosofie\/","og_locale":"de_DE","og_type":"article","og_title":"Filosofie - Olis Beran\u00e7a","og_description":"Filosofie Unser Betrieb wurde im Jahre 2009 gegr\u00fcndet. Es ist ein Familienunternehmen, das in der hiesigen Region verwurzelt ist. Wir bewirtschaften die Olivenb\u00e4ume unseres Landbesitzes in Bovera im Bezirk Les Garrigues (Provinz Lleida). Das Hauptprodukt unseres Betriebes ist das zertifizierte Bio-Oliven\u00f6l extra vergine. Die nachhaltige Bewirtschaftung der Olivenb\u00e4ume zeigt positive Auswirkungen sowohl auf das Produkt [&hellip;]","og_url":"https:\/\/www.beranca.com\/de\/filosofie\/","og_site_name":"Olis Beran\u00e7a","article_modified_time":"2017-10-23T09:57:11+00:00","og_image":[{"url":"http:\/\/www.beranca.com\/wp-content\/uploads\/2017\/05\/mapaberanca3.png","type":"","width":"","height":""}],"twitter_card":"summary_large_image","twitter_misc":{"Gesch\u00e4tzte Lesezeit":"1\u00a0Minute"},"schema":{"@context":"https:\/\/schema.org","@graph":[{"@type":"WebPage","@id":"https:\/\/www.beranca.com\/de\/filosofie\/","url":"https:\/\/www.beranca.com\/de\/filosofie\/","name":"Filosofie - Olis Beran\u00e7a","isPartOf":{"@id":"https:\/\/www.beranca.com\/#website"},"primaryImageOfPage":{"@id":"https:\/\/www.beranca.com\/de\/filosofie\/#primaryimage"},"image":{"@id":"https:\/\/www.beranca.com\/de\/filosofie\/#primaryimage"},"thumbnailUrl":"http:\/\/www.beranca.com\/wp-content\/uploads\/2017\/05\/mapaberanca3.png","datePublished":"2017-10-23T09:55:56+00:00","dateModified":"2017-10-23T09:57:11+00:00","breadcrumb":{"@id":"https:\/\/www.beranca.com\/de\/filosofie\/#breadcrumb"},"inLanguage":"de","potentialAction":[{"@type":"ReadAction","target":["https:\/\/www.beranca.com\/de\/filosofie\/"]}]},{"@type":"ImageObject","inLanguage":"de","@id":"https:\/\/www.beranca.com\/de\/filosofie\/#primaryimage","url":"http:\/\/www.beranca.com\/wp-content\/uploads\/2017\/05\/mapaberanca3.png","contentUrl":"http:\/\/www.beranca.com\/wp-content\/uploads\/2017\/05\/mapaberanca3.png"},{"@type":"BreadcrumbList","@id":"https:\/\/www.beranca.com\/de\/filosofie\/#breadcrumb","itemListElement":[{"@type":"ListItem","position":1,"name":"Inici","item":"https:\/\/www.beranca.com\/de\/"},{"@type":"ListItem","position":2,"name":"Filosofie"}]},{"@type":"WebSite","@id":"https:\/\/www.beranca.com\/#website","url":"https:\/\/www.beranca.com\/","name":"Olis Beran\u00e7a","description":"Olis Ecol\u00f2gics","potentialAction":[{"@type":"SearchAction","target":{"@type":"EntryPoint","urlTemplate":"https:\/\/www.beranca.com\/?s={search_term_string}"},"query-input":{"@type":"PropertyValueSpecification","valueRequired":true,"valueName":"search_term_string"}}],"inLanguage":"de"}]}},"_links":{"self":[{"href":"https:\/\/www.beranca.com\/de\/wp-json\/wp\/v2\/pages\/212","targetHints":{"allow":["GET"]}}],"collection":[{"href":"https:\/\/www.beranca.com\/de\/wp-json\/wp\/v2\/pages"}],"about":[{"href":"https:\/\/www.beranca.com\/de\/wp-json\/wp\/v2\/types\/page"}],"author":[{"embeddable":true,"href":"https:\/\/www.beranca.com\/de\/wp-json\/wp\/v2\/users\/1"}],"replies":[{"embeddable":true,"href":"https:\/\/www.beranca.com\/de\/wp-json\/wp\/v2\/comments?post=212"}],"version-history":[{"count":3,"href":"https:\/\/www.beranca.com\/de\/wp-json\/wp\/v2\/pages\/212\/revisions"}],"predecessor-version":[{"id":215,"href":"https:\/\/www.beranca.com\/de\/wp-json\/wp\/v2\/pages\/212\/revisions\/215"}],"wp:attachment":[{"href":"https:\/\/www.beranca.com\/de\/wp-json\/wp\/v2\/media?parent=212"}],"curies":[{"name":"wp","href":"https:\/\/api.w.org\/{rel}","templated":true}]}}